{"id":4,"date":"2019-09-10T13:03:20","date_gmt":"2019-09-10T13:03:20","guid":{"rendered":"https:\/\/box7.mynrgo.com\/?p=4"},"modified":"2025-03-14T19:11:47","modified_gmt":"2025-03-14T17:11:47","slug":"inchirieri-containere","status":"publish","type":"page","link":"https:\/\/box7.mynrgo.com\/?page_id=4","title":{"rendered":"\u00cenchirieri containere"},"content":{"rendered":"<ul>\n<li>\n<p>47.08406254576319,21.907714979319426<\/p>\n<p><img decoding=\"async\" src=\"\/wp-content\/uploads\/2025\/03\/locatii-containere-01.jpg\" alt=\"Spatii de depozitare Oradea\"><\/p>\n<h3>Oradea, Strada Uzinelor nr. 8<\/h3>\n<div>(\u00een incinta TRC Park)<\/div>\n<\/li>\n<li>\n<p>47.03149364010027,21.931023313976965<\/p>\n<p><img decoding=\"async\" src=\"\/wp-content\/uploads\/2025\/03\/locatii-containere-02.jpg\" alt=\"\"><\/p>\n<h3>Oradea, Strada Ogorului nr. 154<\/h3>\n<p>(l\u00e2ng\u0103 LIDL &#8211; Grigorescu Bihor)<\/p>\n<\/li>\n<\/ul>\n<ul>\n<li>\n<p>47.03149364010027,21.931023313976965<\/p>\n<p><img decoding=\"async\" src=\"\/wp-content\/uploads\/2025\/03\/locatii-containere-02.jpg\" alt=\"\"><\/p>\n<h3>Oradea, Strada Ogorului 154<\/h3>\n<p>Langa LIDL \u2013 Grigorescu<\/p>\n<\/li>\n<li>\n<p>47.08411430394872,21.907740997047707<\/p>\n<p><img decoding=\"async\" src=\"\/wp-content\/uploads\/2025\/03\/locatii-containere-01.jpg\" alt=\"Spatii de depozitare Oradea\"><\/p>\n<h3>Oradea, Strada Uzinelor nr. 8<\/h3>\n<p>\u00een incinta TRC Park<\/p>\n<\/li>\n<\/ul>\n<h1>Spa\u021bii de depozitare \u00een<\/h1>\n<h2>Oradea<\/h2>\n<p><img decoding=\"async\" src=\"\/wp-content\/uploads\/2025\/03\/locatii-containere-02.jpg\" alt=\"Spatii de depozitare Oradea\"><\/p>\n<h3>Str. Ogorului nr. 154, Oradea<\/h3>\n<div>Langa LIDL &#8211; Grigorescu <\/div>\n<p><img decoding=\"async\" src=\"\/wp-content\/uploads\/2025\/03\/locatii-containere-01.jpg\" alt=\"Spatii de depozitare Oradea\"><\/p>\n<h3>Str. Uzinelor nr. 8, Oradea<\/h3>\n<div>\u00een incinta TRC Park<\/div>\n<p><video src=\"\/wp-content\/uploads\/2025\/03\/box7-v01.mp4\" poster=\"\"><\/video><\/p>\n<h3>\u00cen loca\u021bia dumneavoastr\u0103<\/h3>\n<div> noi ne ocup\u0103m de transport container si descarcare cu macara<\/div>\n<div>Info utile<\/div>\n<h2>\u00centreb\u0103ri frecvente<\/h2>\n<div>Dac\u0103 e\u0219ti \u00een c\u0103utarea unui container maritim nou pentru depozitare sau transport, probabil ai c\u00e2teva \u00eentreb\u0103ri. Mai jos g\u0103se\u0219ti r\u0103spunsuri la cele mai frecvente \u00eentreb\u0103ri ale clien\u021bilor no\u0219tri. Dac\u0103 ai nevoie de mai multe informa\u021bii, nu ezita s\u0103 ne contactezi!<\/div>\n<ul>\n<li>\n<h3>Ce tipuri de containere maritime vinde\u021bi?<\/h3>\n<div>Oferim containere maritime noi, disponibile \u00een diverse dimensiuni \u0219i culori, adaptate nevoilor tale de depozitare sau transport.<\/div>\n<\/li>\n<li>\n<h3>Ce dimensiuni sunt disponibile?<\/h3>\n<div>Avem containere \u00een mai multe dimensiuni standard, inclusiv:<br \/>\n\ud83d\udce6 20 ft (6m) \u2013 Utilizare versatil\u0103 pentru depozitare sau transport<br \/>\n\ud83d\udce6 40 ft (12m) \u2013 Capacitate mare pentru nevoi industriale<\/div>\n<\/li>\n<li>\n<h3>Pot alege culoarea containerului?<\/h3>\n<div>Da! Oferim containere noi \u00een mai multe culori. Contacteaz\u0103-ne pentru a verifica disponibilitatea.<\/div>\n<\/li>\n<li>\n<h3>Asigura\u021bi transportul containerului la loca\u021bia mea?<\/h3>\n<div>Da, putem livra containerul direct la loca\u021bia ta. Oferim transport la cerere, iar costul depinde de distan\u021b\u0103 \u0219i loca\u021bie.<\/div>\n<\/li>\n<li>\n<h3>Sunt containerele noi izolate sau modificate?<\/h3>\n<div>Standard, containerele sunt fabricate din o\u021bel rezistent la intemperii. La cerere, putem oferi modific\u0103ri, cum ar fi izola\u021bie, u\u0219i suplimentare sau ventila\u021bie.<\/div>\n<\/li>\n<\/ul>\n<p><img decoding=\"async\" src=\"\/wp-content\/uploads\/2025\/03\/container-inchiriat-image-01.jpg\" alt=\"\"><\/p>\n<p><!--more--><br \/>\n<!-- {\"type\":\"layout\",\"children\":[{\"type\":\"section\",\"props\":{\"height_offset_top\":false,\"image_position\":\"center-center\",\"padding\":\"none\",\"style\":\"default\",\"title_breakpoint\":\"xl\",\"title_position\":\"top-left\",\"title_rotation\":\"left\",\"vertical_align\":\"\",\"width\":\"xlarge\"},\"children\":[{\"type\":\"row\",\"props\":{\"column_gap\":\"collapse\",\"layout\":\"1-2,1-2\",\"row_gap\":\"collapse\"},\"children\":[{\"type\":\"column\",\"props\":{\"image_position\":\"center-center\",\"position_sticky\":\"section\",\"position_sticky_breakpoint\":\"l\",\"width_large\":\"2-3\",\"width_xlarge\":\"3-4\"},\"children\":[{\"type\":\"map\",\"props\":{\"content_margin\":\"small\",\"controls\":true,\"dragging\":true,\"image_svg_color\":\"emphasis\",\"link_style\":\"default\",\"link_text\":\"Read more\",\"margin\":\"remove-vertical\",\"marker_icon\":\"wp-content\\\/uploads\\\/2025\\\/03\\\/logo-web-01.svg\",\"marker_icon_width\":100,\"max_zoom\":\"12\",\"meta_align\":\"below-title\",\"meta_element\":\"div\",\"meta_margin\":\"remove\",\"meta_style\":\"\",\"min_zoom\":\"0\",\"poi\":false,\"show_content\":true,\"show_image\":true,\"show_link\":true,\"show_meta\":true,\"show_title\":true,\"styler_gamma\":\"0.3\",\"styler_lightness\":\"80\",\"styler_saturation\":\"-100\",\"title_element\":\"h3\",\"title_hover_style\":\"reset\",\"title_style\":\"h5\",\"type\":\"roadmap\",\"viewport_height\":\"viewport\",\"viewport_height_offset_top\":false,\"viewport_height_viewport\":101,\"visibility\":\"l\",\"zoom\":\"14\",\"zooming\":true},\"children\":[{\"type\":\"map_item\",\"props\":{\"content\":\"(\\u00een incinta TRC Park)\",\"image\":\"wp-content\\\/uploads\\\/2025\\\/03\\\/locatii-containere-01.jpg\",\"image_alt\":\"Spatii de depozitare Oradea\",\"location\":\"47.08406254576319,21.907714979319426\",\"title\":\"Oradea, Strada Uzinelor nr. 8\"}},{\"type\":\"map_item\",\"props\":{\"image\":\"wp-content\\\/uploads\\\/2025\\\/03\\\/locatii-containere-02.jpg\",\"location\":\"47.03149364010027,21.931023313976965\",\"meta\":\"(l\\u00e2ng\\u0103 LIDL - Grigorescu Bihor)\",\"title\":\"Oradea, Strada Ogorului nr. 154\"}}]},{\"type\":\"map\",\"props\":{\"content_margin\":\"small\",\"controls\":true,\"dragging\":true,\"image_svg_color\":\"emphasis\",\"link_style\":\"default\",\"link_text\":\"Read more\",\"margin\":\"remove-vertical\",\"marker_icon\":\"wp-content\\\/uploads\\\/2025\\\/03\\\/logo-web-01.svg\",\"marker_icon_width\":80,\"max_zoom\":\"15\",\"meta_align\":\"below-title\",\"meta_element\":\"div\",\"meta_margin\":\"small\",\"meta_style\":\"\",\"min_zoom\":0,\"poi\":false,\"show_content\":true,\"show_image\":true,\"show_link\":true,\"show_meta\":true,\"show_title\":true,\"styler_gamma\":\"0.3\",\"styler_lightness\":\"80\",\"styler_saturation\":\"-100\",\"title_element\":\"h3\",\"title_hover_style\":\"reset\",\"type\":\"roadmap\",\"viewport_height\":\"viewport\",\"viewport_height_offset_top\":false,\"viewport_height_viewport\":60,\"visibility\":\"hidden-l\",\"zoom\":\"11\",\"zooming\":true},\"children\":[{\"type\":\"map_item\",\"props\":{\"image\":\"wp-content\\\/uploads\\\/2025\\\/03\\\/locatii-containere-02.jpg\",\"location\":\"47.03149364010027,21.931023313976965\",\"meta\":\"Langa LIDL \\u2013 Grigorescu\",\"title\":\"Oradea, Strada Ogorului 154\"}},{\"type\":\"map_item\",\"props\":{\"image\":\"wp-content\\\/uploads\\\/2025\\\/03\\\/locatii-containere-01.jpg\",\"image_alt\":\"Spatii de depozitare Oradea\",\"location\":\"47.08411430394872,21.907740997047707\",\"meta\":\"\\u00een incinta TRC Park\",\"title\":\"Oradea, Strada Uzinelor nr. 8\"}}]}]},{\"type\":\"column\",\"props\":{\"image_position\":\"center-center\",\"position_sticky_breakpoint\":\"m\",\"style\":\"tile-default\",\"width_large\":\"1-3\",\"width_xlarge\":\"1-4\"},\"children\":[{\"type\":\"headline\",\"props\":{\"block_align\":\"center\",\"block_align_breakpoint\":\"l\",\"content\":\"Spa\\u021bii de depozitare \\u00een\",\"margin\":\"small\",\"margin_remove_top\":false,\"maxwidth\":\"medium\",\"title_element\":\"h1\",\"title_style\":\"h6\"}},{\"type\":\"headline\",\"props\":{\"block_align\":\"center\",\"block_align_breakpoint\":\"l\",\"content\":\"Oradea\",\"margin\":\"large\",\"margin_remove_top\":true,\"maxwidth\":\"medium\",\"title_element\":\"h2\"}},{\"type\":\"fragment\",\"props\":{\"margin\":\"default\",\"margin_remove_top\":false},\"children\":[{\"type\":\"row\",\"props\":{\"margin\":\"medium\",\"margin_remove_bottom\":false},\"children\":[{\"type\":\"column\",\"props\":{\"image_position\":\"center-center\",\"position_sticky_breakpoint\":\"m\"},\"children\":[{\"type\":\"image\",\"props\":{\"image\":\"wp-content\\\/uploads\\\/2025\\\/03\\\/locatii-containere-02.jpg\",\"image_alt\":\"Spatii de depozitare Oradea\",\"image_loading\":true,\"image_svg_color\":\"emphasis\",\"image_width\":1120,\"margin\":\"large\",\"margin_remove_top\":false},\"name\":\"Image\"}]}]},{\"type\":\"row\",\"props\":{\"layout\":\"1-2,1-2\",\"margin\":\"large\",\"margin_remove_top\":true},\"children\":[{\"type\":\"column\",\"props\":{\"image_position\":\"center-center\",\"position_sticky_breakpoint\":\"m\",\"width_large\":\"1-1\",\"width_small\":\"1-2\"},\"children\":[{\"type\":\"headline\",\"props\":{\"block_align\":\"center\",\"block_align_breakpoint\":\"l\",\"content\":\"Str. Ogorului nr. 154, Oradea\",\"margin\":\"small\",\"margin_remove_top\":true,\"maxwidth\":\"medium\",\"title_color\":\"primary\",\"title_element\":\"h3\",\"title_style\":\"h3\"}},{\"type\":\"headline\",\"props\":{\"block_align\":\"center\",\"block_align_breakpoint\":\"l\",\"content\":\"Langa LIDL - Grigorescu \",\"margin\":\"medium\",\"margin_remove_top\":true,\"maxwidth\":\"medium\",\"title_element\":\"div\",\"title_style\":\"h5\"}}]},{\"type\":\"column\",\"props\":{\"image_position\":\"center-center\",\"position_sticky_breakpoint\":\"m\",\"width_large\":\"1-1\",\"width_small\":\"1-2\"}}]},{\"type\":\"row\",\"props\":{\"margin\":\"medium\",\"margin_remove_top\":true},\"children\":[{\"type\":\"column\",\"props\":{\"image_position\":\"center-center\",\"position_sticky_breakpoint\":\"m\"},\"children\":[{\"type\":\"image\",\"props\":{\"image\":\"wp-content\\\/uploads\\\/2025\\\/03\\\/locatii-containere-01.jpg\",\"image_alt\":\"Spatii de depozitare Oradea\",\"image_loading\":true,\"image_svg_color\":\"emphasis\",\"image_width\":1120,\"margin\":\"large\",\"margin_remove_top\":false},\"name\":\"Image\"}]}]},{\"type\":\"row\",\"props\":{\"layout\":\"1-2,1-2\",\"margin\":\"large\",\"margin_remove_top\":true},\"children\":[{\"type\":\"column\",\"props\":{\"image_position\":\"center-center\",\"position_sticky_breakpoint\":\"m\",\"width_large\":\"1-1\",\"width_small\":\"1-2\"},\"children\":[{\"type\":\"headline\",\"props\":{\"block_align\":\"center\",\"block_align_breakpoint\":\"l\",\"content\":\"Str. Uzinelor nr. 8, Oradea\",\"margin\":\"small\",\"margin_remove_top\":true,\"maxwidth\":\"medium\",\"title_color\":\"primary\",\"title_element\":\"h3\"}},{\"type\":\"headline\",\"props\":{\"block_align\":\"center\",\"block_align_breakpoint\":\"l\",\"content\":\"\\u00een incinta TRC Park\",\"margin\":\"medium\",\"margin_remove_top\":true,\"maxwidth\":\"medium\",\"title_element\":\"div\",\"title_style\":\"h5\"}}]},{\"type\":\"column\",\"props\":{\"image_position\":\"center-center\",\"position_sticky_breakpoint\":\"m\",\"width_large\":\"1-1\",\"width_small\":\"1-2\"},\"children\":[{\"type\":\"button\",\"props\":{\"block_align\":\"center\",\"block_align_breakpoint\":\"l\",\"grid_column_gap\":\"small\",\"grid_row_gap\":\"small\",\"margin\":\"default\",\"maxwidth\":\"medium\",\"status\":\"disabled\"},\"children\":[{\"type\":\"button_item\",\"props\":{\"button_style\":\"link-text\",\"content\":\"+ 555 123 456 78\",\"dialog_layout\":\"modal\",\"dialog_offcanvas_flip\":true,\"icon\":\"receiver\",\"icon_align\":\"left\",\"link\":\"tel:+55512345678\"}}]}]}]},{\"type\":\"row\",\"children\":[{\"type\":\"column\",\"props\":{\"image_position\":\"center-center\",\"position_sticky_breakpoint\":\"m\"},\"children\":[{\"type\":\"image\",\"props\":{\"image\":\"wp-content\\\/uploads\\\/stores-03.jpg\",\"image_svg_color\":\"emphasis\",\"image_width\":1120,\"margin\":\"large\",\"margin_remove_top\":false,\"status\":\"disabled\"},\"name\":\"Image\"},{\"type\":\"video\",\"props\":{\"margin\":\"default\",\"video\":\"wp-content\\\/uploads\\\/2025\\\/03\\\/box7-v01.mp4\",\"video_autoplay\":true,\"video_controls\":false,\"video_lazyload\":false,\"video_loop\":true,\"video_muted\":true}}]}]},{\"type\":\"row\",\"props\":{\"layout\":\"1-2,1-2\",\"margin\":\"medium\"},\"children\":[{\"type\":\"column\",\"props\":{\"image_position\":\"center-center\",\"position_sticky_breakpoint\":\"m\",\"width_large\":\"1-1\",\"width_small\":\"1-2\"},\"children\":[{\"type\":\"headline\",\"props\":{\"block_align\":\"center\",\"block_align_breakpoint\":\"l\",\"content\":\"\\u00cen loca\\u021bia dumneavoastr\\u0103\",\"margin\":\"small\",\"margin_remove_top\":true,\"maxwidth\":\"medium\",\"title_element\":\"h3\"}},{\"type\":\"headline\",\"props\":{\"block_align\":\"center\",\"block_align_breakpoint\":\"l\",\"content\":\" noi ne ocup\\u0103m de transport container si descarcare cu macara\",\"margin\":\"medium\",\"margin_remove_top\":true,\"maxwidth\":\"medium\",\"title_element\":\"div\",\"title_style\":\"h5\"}}]},{\"type\":\"column\",\"props\":{\"image_position\":\"center-center\",\"position_sticky_breakpoint\":\"m\",\"width_large\":\"1-1\",\"width_small\":\"1-2\"}}]}]}]}]}],\"name\":\"Stores\"},{\"type\":\"section\",\"props\":{\"header_transparent\":true,\"header_transparent_noplaceholder\":true,\"height\":\"viewport\",\"height_offset_top\":true,\"image\":\"wp-content\\\/uploads\\\/yootheme\\\/lessons-hero-bg.jpg\",\"image_effect\":\"parallax\",\"image_loading\":true,\"image_parallax_bgy\":\"-5vw,4vw\",\"image_parallax_easing\":\"1\",\"image_position\":\"center-center\",\"image_size\":\"cover\",\"image_width\":\"2560\",\"padding\":\"none\",\"padding_remove_bottom\":false,\"style\":\"default\",\"text_color\":\"light\",\"title\":\"Surf Lessons for All\",\"title_breakpoint\":\"xl\",\"title_position\":\"center-right\",\"title_rotation\":\"left\",\"vertical_align\":\"middle\",\"width\":\"large\"},\"children\":[{\"type\":\"row\",\"children\":[{\"type\":\"column\",\"props\":{\"image_position\":\"center-center\",\"position_sticky_breakpoint\":\"m\",\"width_medium\":\"1-1\"},\"children\":[{\"type\":\"headline\",\"props\":{\"content\":\"Surf Lessons\",\"margin\":\"small\",\"text_align\":\"center\",\"title_element\":\"div\",\"title_font_family\":\"tertiary\",\"title_style\":\"h3\"}},{\"type\":\"headline\",\"props\":{\"block_align\":\"center\",\"content\":\"We Offer <a class=\\\"uk-link-heading uk-text-primary\\\" href=\\\"#beginners\\\">Beginners<\\\/a>, <a class=\\\"uk-link-heading uk-text-primary\\\" href=\\\"#advanced\\\">Advanced<\\\/a>, <a class=\\\"uk-link-heading uk-text-primary\\\" href=\\\"#kids\\\">Kids<\\\/a> and <a class=\\\"uk-link-heading uk-text-primary\\\" href=\\\"#corporate\\\">Corporate<\\\/a> Courses\",\"margin_remove_top\":true,\"maxwidth_breakpoint\":\"m\",\"text_align\":\"center\",\"title_element\":\"h1\",\"title_style\":\"heading-medium\"}}]}],\"props\":{\"status\":\"disabled\"}}],\"name\":\"Hero\"},{\"type\":\"section\",\"props\":{\"image_position\":\"center-center\",\"padding_remove_bottom\":false,\"padding_remove_top\":true,\"style\":\"default\",\"title_breakpoint\":\"xl\",\"title_position\":\"top-left\",\"title_rotation\":\"left\",\"vertical_align\":\"\",\"width\":\"xlarge\"},\"children\":[{\"type\":\"row\",\"children\":[{\"type\":\"column\",\"props\":{\"image_position\":\"center-center\",\"position_sticky_breakpoint\":\"m\"}}]}],\"name\":\"Lessons\"},{\"type\":\"section\",\"props\":{\"id\":\"faq\",\"image_position\":\"center-center\",\"style\":\"default\",\"title_breakpoint\":\"xl\",\"title_position\":\"top-left\",\"title_rotation\":\"left\",\"vertical_align\":\"\",\"width\":\"small\"},\"children\":[{\"type\":\"row\",\"children\":[{\"type\":\"column\",\"props\":{\"image_position\":\"center-center\",\"position_sticky_breakpoint\":\"m\",\"width_medium\":\"1-1\"},\"children\":[{\"type\":\"headline\",\"props\":{\"content\":\"Info utile\",\"margin\":\"small\",\"title_element\":\"div\",\"title_font_family\":\"tertiary\",\"title_style\":\"h3\"}},{\"type\":\"headline\",\"props\":{\"content\":\"\\u00centreb\\u0103ri frecvente\",\"margin_remove_top\":true,\"maxwidth\":\"2xlarge\",\"title_element\":\"h2\"}},{\"type\":\"text\",\"props\":{\"column_breakpoint\":\"m\",\"content\":\"Dac\\u0103 e\\u0219ti \\u00een c\\u0103utarea unui container maritim nou pentru depozitare sau transport, probabil ai c\\u00e2teva \\u00eentreb\\u0103ri. Mai jos g\\u0103se\\u0219ti r\\u0103spunsuri la cele mai frecvente \\u00eentreb\\u0103ri ale clien\\u021bilor no\\u0219tri. Dac\\u0103 ai nevoie de mai multe informa\\u021bii, nu ezita s\\u0103 ne contactezi!\",\"margin\":\"large\",\"margin_remove_top\":true,\"maxwidth\":\"xlarge\"}},{\"type\":\"accordion\",\"props\":{\"collapsible\":true,\"content_column_breakpoint\":\"m\",\"image_align\":\"top\",\"image_grid_breakpoint\":\"m\",\"image_grid_width\":\"1-2\",\"image_svg_color\":\"emphasis\",\"link_style\":\"default\",\"link_text\":\"Read more\",\"show_image\":true,\"show_link\":true},\"children\":[{\"type\":\"accordion_item\",\"props\":{\"content\":\"Oferim containere maritime noi, disponibile \\u00een diverse dimensiuni \\u0219i culori, adaptate nevoilor tale de depozitare sau transport.\",\"title\":\"Ce tipuri de containere maritime vinde\\u021bi?\"}},{\"type\":\"accordion_item\",\"props\":{\"content\":\"Avem containere \\u00een mai multe dimensiuni standard, inclusiv:\\n\\ud83d\\udce6 20 ft (6m) \\u2013 Utilizare versatil\\u0103 pentru depozitare sau transport\\n\\ud83d\\udce6 40 ft (12m) \\u2013 Capacitate mare pentru nevoi industriale\",\"title\":\"Ce dimensiuni sunt disponibile?\"}},{\"type\":\"accordion_item\",\"props\":{\"content\":\"Da! Oferim containere noi \\u00een mai multe culori. Contacteaz\\u0103-ne pentru a verifica disponibilitatea.\",\"title\":\"Pot alege culoarea containerului?\"}},{\"type\":\"accordion_item\",\"props\":{\"content\":\"Da, putem livra containerul direct la loca\\u021bia ta. Oferim transport la cerere, iar costul depinde de distan\\u021b\\u0103 \\u0219i loca\\u021bie.\",\"title\":\"Asigura\\u021bi transportul containerului la loca\\u021bia mea?\"}},{\"type\":\"accordion_item\",\"props\":{\"content\":\"Standard, containerele sunt fabricate din o\\u021bel rezistent la intemperii. La cerere, putem oferi modific\\u0103ri, cum ar fi izola\\u021bie, u\\u0219i suplimentare sau ventila\\u021bie.\",\"title\":\"Sunt containerele noi izolate sau modificate?\"}}]}]}]}],\"name\":\"FAQ\"},{\"type\":\"section\",\"props\":{\"id\":\"certificates\",\"image_position\":\"center-center\",\"padding\":\"xlarge\",\"padding_remove_bottom\":true,\"style\":\"default\",\"title_breakpoint\":\"xl\",\"title_position\":\"top-left\",\"title_rotation\":\"left\",\"vertical_align\":\"\",\"width\":\"large\",\"width_expand\":\"right\"},\"children\":[{\"type\":\"row\",\"props\":{\"column_gap\":\"large\",\"layout\":\"1-3,2-3\",\"row_gap\":\"large\",\"status\":\"disabled\"},\"children\":[{\"type\":\"column\",\"props\":{\"image_position\":\"center-center\",\"position_sticky_breakpoint\":\"m\",\"vertical_align\":\"middle\",\"width_large\":\"1-3\"},\"children\":[{\"type\":\"headline\",\"props\":{\"content\":\"Certificates\",\"margin\":\"small\",\"text_align\":\"left\",\"text_align_breakpoint\":\"l\",\"text_align_fallback\":\"center\",\"title_element\":\"div\",\"title_font_family\":\"tertiary\",\"title_style\":\"h3\"}},{\"type\":\"headline\",\"props\":{\"block_align_breakpoint\":\"l\",\"block_align_fallback\":\"center\",\"content\":\"Some of the Certificates We Received in the Last Few Years\",\"margin_remove_top\":true,\"maxwidth\":\"xlarge\",\"text_align\":\"left\",\"text_align_breakpoint\":\"l\",\"text_align_fallback\":\"center\",\"title_element\":\"h2\"}}]},{\"type\":\"column\",\"props\":{\"image_position\":\"center-center\",\"position_sticky_breakpoint\":\"m\",\"width_large\":\"2-3\"},\"children\":[{\"type\":\"grid\",\"props\":{\"content_column_breakpoint\":\"m\",\"filter_align\":\"left\",\"filter_all\":true,\"filter_grid_breakpoint\":\"m\",\"filter_grid_width\":\"auto\",\"filter_position\":\"top\",\"filter_style\":\"tab\",\"grid_default\":\"1\",\"grid_medium\":\"\",\"grid_small\":\"3\",\"icon_width\":80,\"image_align\":\"top\",\"image_grid_breakpoint\":\"m\",\"image_grid_width\":\"1-2\",\"image_svg_color\":\"emphasis\",\"image_svg_inline\":true,\"item_animation\":true,\"lightbox_bg_close\":true,\"link_style\":\"default\",\"link_text\":\"Read more\",\"margin\":\"default\",\"meta_align\":\"below-title\",\"meta_element\":\"div\",\"meta_style\":\"text-meta\",\"panel_padding\":\"default\",\"panel_style\":\"card-default\",\"parallax_easing\":\"1\",\"show_content\":true,\"show_hover_image\":true,\"show_hover_video\":true,\"show_image\":true,\"show_link\":true,\"show_meta\":true,\"show_title\":true,\"show_video\":true,\"text_align\":\"center\",\"title_align\":\"top\",\"title_element\":\"h3\",\"title_grid_breakpoint\":\"m\",\"title_grid_width\":\"1-2\",\"title_hover_style\":\"reset\",\"title_style\":\"h6\"},\"children\":[{\"type\":\"grid_item\",\"props\":{\"image\":\"wp-content\\\/uploads\\\/yootheme\\\/about-us-certificates-01.svg\",\"title\":\"Best Surf School 2018 \"}},{\"type\":\"grid_item\",\"props\":{\"image\":\"wp-content\\\/uploads\\\/yootheme\\\/about-us-certificates-02.svg\",\"meta\":\"\",\"title\":\"European Surfing Association\"}},{\"type\":\"grid_item\",\"props\":{\"image\":\"wp-content\\\/uploads\\\/yootheme\\\/about-us-certificates-03.svg\",\"title\":\"Certificate of Excellence 2018\"}}]}]}]}],\"name\":\"Certificates\"},{\"type\":\"section\",\"props\":{\"image_position\":\"center-center\",\"padding_remove_bottom\":true,\"style\":\"default\",\"title_breakpoint\":\"xl\",\"title_position\":\"top-left\",\"title_rotation\":\"left\",\"vertical_align\":\"\",\"width\":\"\"},\"children\":[{\"type\":\"row\",\"children\":[{\"type\":\"column\",\"props\":{\"image_position\":\"center-center\",\"position_sticky_breakpoint\":\"m\",\"width_medium\":\"1-1\"},\"children\":[{\"type\":\"image\",\"props\":{\"image\":\"wp-content\\\/uploads\\\/2025\\\/03\\\/container-inchiriat-image-01.jpg\",\"image_svg_color\":\"emphasis\",\"image_width\":\"2560\",\"margin\":\"default\",\"parallax_breakpoint\":\"m\"}}]}]}],\"name\":\"Image\"}],\"version\":\"4.5.9\"} --><\/p>\n","protected":false},"excerpt":{"rendered":"<p>47.08406254576319,21.907714979319426 Oradea, Strada Uzinelor nr. 8 (\u00een incinta TRC Park) 47.03149364010027,21.931023313976965 Oradea, Strada Ogorului nr. 154 (l\u00e2ng\u0103 LIDL &#8211; Grigorescu Bihor) 47.03149364010027,21.931023313976965 Oradea, Strada Ogorului 154 Langa LIDL \u2013 Grigorescu 47.08411430394872,21.907740997047707 Oradea, Strada Uzinelor nr. 8 \u00een incinta TRC Park Spa\u021bii de depozitare \u00een Oradea Str. Ogorului nr. 154, Oradea Langa LIDL &#8211; Grigorescu Str. [&hellip;]<\/p>\n","protected":false},"author":1,"featured_media":0,"parent":0,"menu_order":4,"comment_status":"open","ping_status":"closed","template":"","meta":{"_acf_changed":false,"footnotes":""},"class_list":["post-4","page","type-page","status-publish","hentry"],"acf":[],"_links":{"self":[{"href":"https:\/\/box7.mynrgo.com\/index.php?rest_route=\/wp\/v2\/pages\/4","targetHints":{"allow":["GET"]}}],"collection":[{"href":"https:\/\/box7.mynrgo.com\/index.php?rest_route=\/wp\/v2\/pages"}],"about":[{"href":"https:\/\/box7.mynrgo.com\/index.php?rest_route=\/wp\/v2\/types\/page"}],"author":[{"embeddable":true,"href":"https:\/\/box7.mynrgo.com\/index.php?rest_route=\/wp\/v2\/users\/1"}],"replies":[{"embeddable":true,"href":"https:\/\/box7.mynrgo.com\/index.php?rest_route=%2Fwp%2Fv2%2Fcomments&post=4"}],"version-history":[{"count":3,"href":"https:\/\/box7.mynrgo.com\/index.php?rest_route=\/wp\/v2\/pages\/4\/revisions"}],"predecessor-version":[{"id":2288,"href":"https:\/\/box7.mynrgo.com\/index.php?rest_route=\/wp\/v2\/pages\/4\/revisions\/2288"}],"wp:attachment":[{"href":"https:\/\/box7.mynrgo.com\/index.php?rest_route=%2Fwp%2Fv2%2Fmedia&parent=4"}],"curies":[{"name":"wp","href":"https:\/\/api.w.org\/{rel}","templated":true}]}}